{"id":636,"date":"2023-06-30T03:38:19","date_gmt":"2023-06-30T03:38:19","guid":{"rendered":"https:\/\/shop.criacademy.com\/?page_id=636"},"modified":"2024-06-16T04:37:56","modified_gmt":"2024-06-16T04:37:56","slug":"terms-and-conditions","status":"publish","type":"page","link":"https:\/\/shop.criacademy.com\/es\/terms-and-conditions\/","title":{"rendered":"T\u00e9rminos y Condiciones"},"content":{"rendered":"<h2 class=\"wp-block-heading\"><strong>M\u00e9todos de pago:<\/strong><\/h2>\n\n\n\n<p>-El pago se debe realizar con tarjeta de cr\u00e9dito o d\u00e9bito.<\/p>\n\n\n\n<h2 class=\"wp-block-heading\"><strong>Cancelaci\u00f3n de orden:<\/strong><\/h2>\n\n\n\n<p>-Las \u00f3rdenes se pueden cancelar 24 horas despu\u00e9s de hecha la compra. El dinero se devolver\u00e1 a la tarjeta de cr\u00e9dito o d\u00e9bito con la que se realiz\u00f3 el pago.<\/p>\n\n\n\n<p><\/p>\n\n\n\n<h2 class=\"wp-block-heading has-text-align-left\"><strong>Privacidad de los datos:<\/strong><\/h2>\n\n\n\n<p>-Los datos personales no se almacenan ni son compartidos a terceras partes.<\/p>\n\n\n\n<div style=\"height:100px\" aria-hidden=\"true\" class=\"wp-block-spacer\"><\/div>\n\n\n\n<p><strong>Para consultas sobre pedidos y entregas comunicarse con <a href=\"mailto:bodega@criacademy.com\">bodega@criacademy.com<\/a><br>Para consultas sobre pagos comunicarse con <a href=\"mailto:m.elizondo@criacademy.com\">m.elizondo@criacademy.com<\/a><\/strong><\/p>\n\n\n\n<div class=\"wp-block-columns alignwide is-layout-flex wp-container-core-columns-is-layout-9d6595d7 wp-block-columns-is-layout-flex\"><\/div>","protected":false},"excerpt":{"rendered":"<p>Payment methods: -Payment must be made by credit or debit card. Order cancellation: -Orders can be canceled 24 hours after the purchase is made. The money will be returned to the credit or debit card with which the payment was made. Personal Data: -Personal data is not stored or shared with third parties. For inquiries [&hellip;]<\/p>\n","protected":false},"author":1,"featured_media":0,"parent":0,"menu_order":0,"comment_status":"closed","ping_status":"closed","template":"","meta":{"_coblocks_attr":"","_coblocks_dimensions":"","_coblocks_responsive_height":"","_coblocks_accordion_ie_support":"","hide_page_title":"","footnotes":""},"class_list":["post-636","page","type-page","status-publish","hentry"],"_links":{"self":[{"href":"https:\/\/shop.criacademy.com\/es\/wp-json\/wp\/v2\/pages\/636","targetHints":{"allow":["GET"]}}],"collection":[{"href":"https:\/\/shop.criacademy.com\/es\/wp-json\/wp\/v2\/pages"}],"about":[{"href":"https:\/\/shop.criacademy.com\/es\/wp-json\/wp\/v2\/types\/page"}],"author":[{"embeddable":true,"href":"https:\/\/shop.criacademy.com\/es\/wp-json\/wp\/v2\/users\/1"}],"replies":[{"embeddable":true,"href":"https:\/\/shop.criacademy.com\/es\/wp-json\/wp\/v2\/comments?post=636"}],"version-history":[{"count":12,"href":"https:\/\/shop.criacademy.com\/es\/wp-json\/wp\/v2\/pages\/636\/revisions"}],"predecessor-version":[{"id":2051,"href":"https:\/\/shop.criacademy.com\/es\/wp-json\/wp\/v2\/pages\/636\/revisions\/2051"}],"wp:attachment":[{"href":"https:\/\/shop.criacademy.com\/es\/wp-json\/wp\/v2\/media?parent=636"}],"curies":[{"name":"wp","href":"https:\/\/api.w.org\/{rel}","templated":true}]}}