{"id":3,"date":"2023-01-12T12:34:21","date_gmt":"2023-01-12T12:34:21","guid":{"rendered":"https:\/\/shop.criacademy.com\/?page_id=3"},"modified":"2023-07-31T18:29:33","modified_gmt":"2023-07-31T18:29:33","slug":"uniform-policy","status":"publish","type":"page","link":"https:\/\/shop.criacademy.com\/es\/uniform-policy\/","title":{"rendered":"Pol\u00edtica de uniformes"},"content":{"rendered":"<h2 class=\"wp-block-heading\"><strong>Pol\u00edtica de uniformes<\/strong><\/h2>\n\n\n\n<p>El uniforme escolar es obligatorio. Encontramos que en muchos aspectos fomenta un sentido de igualdad y fraternidad en una escuela que tiene tal variedad de culturas. Todos los estudiantes deben usar la camisa tipo polo de CRIA y los pantalones azul marino que deben comprarse en la tienda de la escuela o puede comprar uniformes usados aprobados por la escuela en la venta\/intercambio de uniformes usados de PA o de las familias de CRIA. Aseg\u00farese de que los uniformes usados comprados no hayan sido alterados en longitud. Los uniformes deben ser modestos para respetar a nuestra poblaci\u00f3n estudiantil multicultural de 3 a 18 a\u00f1os. Los estudiantes que participen en deportes durante el almuerzo deben usar una camiseta para esa actividad y luego volver a ponerse la camiseta del uniforme para la clase. Las camisetas deben ser las mismas que las aprobadas para las clases de educaci\u00f3n f\u00edsica. Los ni\u00f1os y las ni\u00f1as deben tener peinados limpios. Solo se permiten joyas y cosm\u00e9ticos moderados.\u00a0<\/p>\n\n\n\n<p>Los estudiantes deben usar zapatillas de deporte, zapatos deportivos o sandalias. Las chanclas est\u00e1n prohibidas por razones de seguridad. Cualquier su\u00e9ter\/ropa de abrigo debe ser la sudadera CRIA. No se permiten sombreros u otros art\u00edculos para la cabeza en las aulas. Cualquier camiseta que se use debajo de la camisa polo debe ser de manga corta, de color s\u00f3lido en blanco o azul o camisetas oficiales de la escuela.<\/p>\n\n\n\n<p>Los estudiantes que no cumplan con la Pol\u00edtica de Uniforme recibir\u00e1n una detenci\u00f3n a la hora del almuerzo. Tres detenciones en un trimestre resultar\u00e1n en que el estudiante sea enviado a casa por el uniforme apropiado.<\/p>\n\n\n\n<h3 class=\"wp-block-heading\">Uniforme de educaci\u00f3n f\u00edsica<\/h3>\n\n\n\n<p>Adem\u00e1s, todos los estudiantes de CRIA deben tener un uniforme de Educaci\u00f3n F\u00edsica (PE) que consiste en pantalones cortos rojos y una camiseta con el logotipo de la escuela en el frente. Todos los uniformes deben ser comprados por la familia en la tienda de la escuela o los uniformes usados a trav\u00e9s del intercambio de uniformes de PA u otra familia CRIA. Los estudiantes deben tener zapatos deportivos para las clases de educaci\u00f3n f\u00edsica.<\/p>\n\n\n\n<h3 class=\"wp-block-heading\">Viajes al campo<\/h3>\n\n\n\n<p>Durante las excursiones que involucren agua (playa, bote, etc.), todos los estudiantes de secundaria deben usar pantalones cortos (pantalones cortos de playa u otros). No se permiten partes de abajo de bikini. Cuando se indique, se puede solicitar a los estudiantes que usen ropa que no sea el uniforme escolar durante las excursiones. En estos casos, la ropa debe ser modesta. No se permiten blusas con tiras de espagueti ni camisas que muestren el abdomen. La ropa no puede mostrar logotipos que sean inapropiados para un entorno acad\u00e9mico T-12<strong class=\"privacy-policy-tutorial\">.<\/strong><\/p>\n\n\n\n<h3 class=\"wp-block-heading\">Traje de piscina<\/h3>\n\n\n\n<p>Para las clases de nataci\u00f3n, las alumnas deben usar una pieza, un tankini o un protector contra erupciones. Un gorro de nataci\u00f3n y gafas protectoras tambi\u00e9n son obligatorios para todos los estudiantes que participen en las clases de nataci\u00f3n, ya sea durante la escuela o como parte del programa de actividades extracurriculares.<\/p>","protected":false},"excerpt":{"rendered":"<p>Uniform Policy The school uniform is required. We find that in many respects it encourages a sense of equality and fraternity in a school having such a variety of cultures. All students must wear the CRIA polo shirt and navy blue bottoms that must be purchased from the school store or you may purchase used [&hellip;]<\/p>\n","protected":false},"author":1,"featured_media":0,"parent":0,"menu_order":0,"comment_status":"closed","ping_status":"open","template":"","meta":{"_coblocks_attr":"","_coblocks_dimensions":"","_coblocks_responsive_height":"","_coblocks_accordion_ie_support":"","hide_page_title":"","footnotes":""},"class_list":["post-3","page","type-page","status-publish","hentry"],"_links":{"self":[{"href":"https:\/\/shop.criacademy.com\/es\/wp-json\/wp\/v2\/pages\/3","targetHints":{"allow":["GET"]}}],"collection":[{"href":"https:\/\/shop.criacademy.com\/es\/wp-json\/wp\/v2\/pages"}],"about":[{"href":"https:\/\/shop.criacademy.com\/es\/wp-json\/wp\/v2\/types\/page"}],"author":[{"embeddable":true,"href":"https:\/\/shop.criacademy.com\/es\/wp-json\/wp\/v2\/users\/1"}],"replies":[{"embeddable":true,"href":"https:\/\/shop.criacademy.com\/es\/wp-json\/wp\/v2\/comments?post=3"}],"version-history":[{"count":4,"href":"https:\/\/shop.criacademy.com\/es\/wp-json\/wp\/v2\/pages\/3\/revisions"}],"predecessor-version":[{"id":840,"href":"https:\/\/shop.criacademy.com\/es\/wp-json\/wp\/v2\/pages\/3\/revisions\/840"}],"wp:attachment":[{"href":"https:\/\/shop.criacademy.com\/es\/wp-json\/wp\/v2\/media?parent=3"}],"curies":[{"name":"wp","href":"https:\/\/api.w.org\/{rel}","templated":true}]}}